{"id":6165,"date":"2021-04-06T13:07:08","date_gmt":"2021-04-06T12:07:08","guid":{"rendered":"http:\/\/www.duaysaxon.ch\/?post_type=product&#038;p=6165"},"modified":"2026-04-14T20:48:13","modified_gmt":"2026-04-14T19:48:13","slug":"lortheria-classic-33-cl","status":"publish","type":"product","link":"https:\/\/www.duaysaxon.ch\/?product=lortheria-classic-33-cl","title":{"rendered":"L&rsquo;Ortheria Classic &#8211; 33 cl"},"content":{"rendered":"<p><a href=\"https:\/\/www.duaysaxon.ch\/wp-content\/uploads\/2021\/04\/lortheria.jpg\"><img fetchpriority=\"high\" decoding=\"async\" class=\"aligncenter size-full wp-image-6140\" src=\"https:\/\/www.duaysaxon.ch\/wp-content\/uploads\/2021\/04\/lortheria.jpg\" alt=\"\" width=\"604\" height=\"805\" srcset=\"https:\/\/www.duaysaxon.ch\/wp-content\/uploads\/2021\/04\/lortheria.jpg 604w, https:\/\/www.duaysaxon.ch\/wp-content\/uploads\/2021\/04\/lortheria-600x800.jpg 600w, https:\/\/www.duaysaxon.ch\/wp-content\/uploads\/2021\/04\/lortheria-225x300.jpg 225w\" sizes=\"(max-width: 604px) 100vw, 604px\" \/><\/a><\/p>\n","protected":false},"excerpt":{"rendered":"<p>Boisson rafra\u00eechissante \u00e0 base d&rsquo;ortie &#8211;\u00a0Produit suisse 100% naturel<\/p>\n<p>&nbsp;<\/p>\n<p>Ingr\u00e9dients: eau gaz\u00e9ifi\u00e9e, sucre*, extrait d&rsquo;ortie* (3%)<\/p>\n<p>*certifi\u00e9 de production biologique<\/p>\n","protected":false},"featured_media":6140,"comment_status":"closed","ping_status":"closed","template":"","meta":{"jetpack_publicize_message":"","jetpack_publicize_feature_enabled":true,"jetpack_social_post_already_shared":true,"jetpack_social_options":{"image_generator_settings":{"template":"highway","default_image_id":0,"font":"","enabled":false},"version":2}},"product_brand":[],"product_cat":[64],"product_tag":[],"class_list":{"0":"post-6165","1":"product","2":"type-product","3":"status-publish","4":"has-post-thumbnail","6":"product_cat-lortheria","8":"first","9":"instock","10":"taxable","11":"shipping-taxable","12":"purchasable","13":"product-type-simple"},"jetpack_publicize_connections":[],"jetpack_sharing_enabled":true,"_links":{"self":[{"href":"https:\/\/www.duaysaxon.ch\/index.php?rest_route=\/wp\/v2\/product\/6165","targetHints":{"allow":["GET"]}}],"collection":[{"href":"https:\/\/www.duaysaxon.ch\/index.php?rest_route=\/wp\/v2\/product"}],"about":[{"href":"https:\/\/www.duaysaxon.ch\/index.php?rest_route=\/wp\/v2\/types\/product"}],"replies":[{"embeddable":true,"href":"https:\/\/www.duaysaxon.ch\/index.php?rest_route=%2Fwp%2Fv2%2Fcomments&post=6165"}],"wp:featuredmedia":[{"embeddable":true,"href":"https:\/\/www.duaysaxon.ch\/index.php?rest_route=\/wp\/v2\/media\/6140"}],"wp:attachment":[{"href":"https:\/\/www.duaysaxon.ch\/index.php?rest_route=%2Fwp%2Fv2%2Fmedia&parent=6165"}],"wp:term":[{"taxonomy":"product_brand","embeddable":true,"href":"https:\/\/www.duaysaxon.ch\/index.php?rest_route=%2Fwp%2Fv2%2Fproduct_brand&post=6165"},{"taxonomy":"product_cat","embeddable":true,"href":"https:\/\/www.duaysaxon.ch\/index.php?rest_route=%2Fwp%2Fv2%2Fproduct_cat&post=6165"},{"taxonomy":"product_tag","embeddable":true,"href":"https:\/\/www.duaysaxon.ch\/index.php?rest_route=%2Fwp%2Fv2%2Fproduct_tag&post=6165"}],"curies":[{"name":"wp","href":"https:\/\/api.w.org\/{rel}","templated":true}]}}