{"id":5592,"date":"2021-02-19T10:09:13","date_gmt":"2021-02-19T09:09:13","guid":{"rendered":"http:\/\/www.duaysaxon.ch\/?post_type=product&#038;p=5592"},"modified":"2026-04-25T18:51:24","modified_gmt":"2026-04-25T17:51:24","slug":"saucisse-sanglier","status":"publish","type":"product","link":"https:\/\/www.duaysaxon.ch\/?product=saucisse-sanglier","title":{"rendered":"Saucisse sanglier"},"content":{"rendered":"<p><a href=\"https:\/\/www.duaysaxon.ch\/wp-content\/uploads\/2021\/02\/Sauc.-sanglier.png\"><img fetchpriority=\"high\" decoding=\"async\" class=\"aligncenter size-full wp-image-5578\" src=\"https:\/\/www.duaysaxon.ch\/wp-content\/uploads\/2021\/02\/Sauc.-sanglier.png\" alt=\"\" width=\"605\" height=\"806\" srcset=\"https:\/\/www.duaysaxon.ch\/wp-content\/uploads\/2021\/02\/Sauc.-sanglier.png 605w, https:\/\/www.duaysaxon.ch\/wp-content\/uploads\/2021\/02\/Sauc.-sanglier-600x799.png 600w, https:\/\/www.duaysaxon.ch\/wp-content\/uploads\/2021\/02\/Sauc.-sanglier-225x300.png 225w\" sizes=\"(max-width: 605px) 100vw, 605px\" \/><\/a><\/p>\n","protected":false},"excerpt":{"rendered":"<p>Produit \u00e0 base de viande de porc, lard de dos. A consommer cru. Se conserve sans r\u00e9frig\u00e9ration. Elabor\u00e9 en Valais avec de la viande Suisse et \u00e9trang\u00e8re.<\/p>\n<p>Ingr\u00e9dients: sel nitrite, Dextrose (ma\u00efs), Antioxydant E301, poivres, ail, Boyau de boeuf, farine de riz.<\/p>\n","protected":false},"featured_media":5578,"comment_status":"closed","ping_status":"closed","template":"","meta":{"jetpack_post_was_ever_published":false,"jetpack_publicize_message":"","jetpack_publicize_feature_enabled":true,"jetpack_social_post_already_shared":true,"jetpack_social_options":{"image_generator_settings":{"template":"highway","default_image_id":0,"font":"","enabled":false},"version":2}},"product_brand":[],"product_cat":[58,111],"product_tag":[],"class_list":{"0":"post-5592","1":"product","2":"type-product","3":"status-publish","4":"has-post-thumbnail","6":"product_cat-boissons","7":"product_cat-salaisons","9":"first","10":"instock","11":"taxable","12":"shipping-taxable","13":"purchasable","14":"product-type-simple"},"jetpack_publicize_connections":[],"jetpack_sharing_enabled":true,"_links":{"self":[{"href":"https:\/\/www.duaysaxon.ch\/index.php?rest_route=\/wp\/v2\/product\/5592","targetHints":{"allow":["GET"]}}],"collection":[{"href":"https:\/\/www.duaysaxon.ch\/index.php?rest_route=\/wp\/v2\/product"}],"about":[{"href":"https:\/\/www.duaysaxon.ch\/index.php?rest_route=\/wp\/v2\/types\/product"}],"replies":[{"embeddable":true,"href":"https:\/\/www.duaysaxon.ch\/index.php?rest_route=%2Fwp%2Fv2%2Fcomments&post=5592"}],"wp:featuredmedia":[{"embeddable":true,"href":"https:\/\/www.duaysaxon.ch\/index.php?rest_route=\/wp\/v2\/media\/5578"}],"wp:attachment":[{"href":"https:\/\/www.duaysaxon.ch\/index.php?rest_route=%2Fwp%2Fv2%2Fmedia&parent=5592"}],"wp:term":[{"taxonomy":"product_brand","embeddable":true,"href":"https:\/\/www.duaysaxon.ch\/index.php?rest_route=%2Fwp%2Fv2%2Fproduct_brand&post=5592"},{"taxonomy":"product_cat","embeddable":true,"href":"https:\/\/www.duaysaxon.ch\/index.php?rest_route=%2Fwp%2Fv2%2Fproduct_cat&post=5592"},{"taxonomy":"product_tag","embeddable":true,"href":"https:\/\/www.duaysaxon.ch\/index.php?rest_route=%2Fwp%2Fv2%2Fproduct_tag&post=5592"}],"curies":[{"name":"wp","href":"https:\/\/api.w.org\/{rel}","templated":true}]}}