{"id":4877,"date":"2021-01-08T11:14:25","date_gmt":"2021-01-08T10:14:25","guid":{"rendered":"http:\/\/www.duaysaxon.ch\/?post_type=product&#038;p=4877"},"modified":"2024-01-08T14:59:32","modified_gmt":"2024-01-08T13:59:32","slug":"infusion-serenite-20g","status":"publish","type":"product","link":"https:\/\/www.duaysaxon.ch\/?product=infusion-serenite-20g","title":{"rendered":"Infusion S\u00e9r\u00e9nit\u00e9 &#8211; 20g (les Simples)"},"content":{"rendered":"<p><a href=\"https:\/\/www.duaysaxon.ch\/wp-content\/uploads\/2021\/01\/Infusion-S\u00e9r\u00e9nit\u00e9.jpg\"><img fetchpriority=\"high\" decoding=\"async\" class=\"aligncenter size-full wp-image-4831\" src=\"https:\/\/www.duaysaxon.ch\/wp-content\/uploads\/2021\/01\/Infusion-S\u00e9r\u00e9nit\u00e9.jpg\" alt=\"\" width=\"1536\" height=\"2048\" srcset=\"https:\/\/www.duaysaxon.ch\/wp-content\/uploads\/2021\/01\/Infusion-S\u00e9r\u00e9nit\u00e9.jpg 1536w, https:\/\/www.duaysaxon.ch\/wp-content\/uploads\/2021\/01\/Infusion-S\u00e9r\u00e9nit\u00e9-600x800.jpg 600w, https:\/\/www.duaysaxon.ch\/wp-content\/uploads\/2021\/01\/Infusion-S\u00e9r\u00e9nit\u00e9-225x300.jpg 225w, https:\/\/www.duaysaxon.ch\/wp-content\/uploads\/2021\/01\/Infusion-S\u00e9r\u00e9nit\u00e9-768x1024.jpg 768w, https:\/\/www.duaysaxon.ch\/wp-content\/uploads\/2021\/01\/Infusion-S\u00e9r\u00e9nit\u00e9-1152x1536.jpg 1152w\" sizes=\"(max-width: 1536px) 100vw, 1536px\" \/><\/a><\/p>\n","protected":false},"excerpt":{"rendered":"","protected":false},"featured_media":4831,"comment_status":"closed","ping_status":"closed","template":"","meta":{"jetpack_post_was_ever_published":false,"jetpack_publicize_message":"","jetpack_publicize_feature_enabled":true,"jetpack_social_post_already_shared":true,"jetpack_social_options":{"image_generator_settings":{"template":"highway","default_image_id":0,"font":"","enabled":false},"version":2}},"product_brand":[],"product_cat":[123,41],"product_tag":[],"class_list":{"0":"post-4877","1":"product","2":"type-product","3":"status-publish","4":"has-post-thumbnail","6":"product_cat-bio","7":"product_cat-thes-infusions","9":"first","10":"instock","11":"taxable","12":"shipping-taxable","13":"purchasable","14":"product-type-simple"},"jetpack_publicize_connections":[],"jetpack_sharing_enabled":true,"_links":{"self":[{"href":"https:\/\/www.duaysaxon.ch\/index.php?rest_route=\/wp\/v2\/product\/4877","targetHints":{"allow":["GET"]}}],"collection":[{"href":"https:\/\/www.duaysaxon.ch\/index.php?rest_route=\/wp\/v2\/product"}],"about":[{"href":"https:\/\/www.duaysaxon.ch\/index.php?rest_route=\/wp\/v2\/types\/product"}],"replies":[{"embeddable":true,"href":"https:\/\/www.duaysaxon.ch\/index.php?rest_route=%2Fwp%2Fv2%2Fcomments&post=4877"}],"wp:featuredmedia":[{"embeddable":true,"href":"https:\/\/www.duaysaxon.ch\/index.php?rest_route=\/wp\/v2\/media\/4831"}],"wp:attachment":[{"href":"https:\/\/www.duaysaxon.ch\/index.php?rest_route=%2Fwp%2Fv2%2Fmedia&parent=4877"}],"wp:term":[{"taxonomy":"product_brand","embeddable":true,"href":"https:\/\/www.duaysaxon.ch\/index.php?rest_route=%2Fwp%2Fv2%2Fproduct_brand&post=4877"},{"taxonomy":"product_cat","embeddable":true,"href":"https:\/\/www.duaysaxon.ch\/index.php?rest_route=%2Fwp%2Fv2%2Fproduct_cat&post=4877"},{"taxonomy":"product_tag","embeddable":true,"href":"https:\/\/www.duaysaxon.ch\/index.php?rest_route=%2Fwp%2Fv2%2Fproduct_tag&post=4877"}],"curies":[{"name":"wp","href":"https:\/\/api.w.org\/{rel}","templated":true}]}}