{"id":37253,"date":"2023-04-25T12:44:25","date_gmt":"2023-04-25T11:44:25","guid":{"rendered":"https:\/\/www.duaysaxon.ch\/?post_type=product&#038;p=37253"},"modified":"2026-04-12T06:06:16","modified_gmt":"2026-04-12T05:06:16","slug":"savon-purete-des-alpes-min-80-gr","status":"publish","type":"product","link":"https:\/\/www.duaysaxon.ch\/?product=savon-purete-des-alpes-min-80-gr","title":{"rendered":"Savon  Puret\u00e9 Des Alpes &#8211; min 80 gr"},"content":{"rendered":"<p><a href=\"https:\/\/www.duaysaxon.ch\/wp-content\/uploads\/2021\/04\/savon-des-alpes-scaled.jpg\"><img fetchpriority=\"high\" decoding=\"async\" class=\"aligncenter size-full wp-image-6541\" src=\"https:\/\/www.duaysaxon.ch\/wp-content\/uploads\/2021\/04\/savon-des-alpes-scaled.jpg\" alt=\"\" width=\"1244\" height=\"2560\" srcset=\"https:\/\/www.duaysaxon.ch\/wp-content\/uploads\/2021\/04\/savon-des-alpes-scaled.jpg 1244w, https:\/\/www.duaysaxon.ch\/wp-content\/uploads\/2021\/04\/savon-des-alpes-scaled-600x1235.jpg 600w, https:\/\/www.duaysaxon.ch\/wp-content\/uploads\/2021\/04\/savon-des-alpes-146x300.jpg 146w, https:\/\/www.duaysaxon.ch\/wp-content\/uploads\/2021\/04\/savon-des-alpes-498x1024.jpg 498w, https:\/\/www.duaysaxon.ch\/wp-content\/uploads\/2021\/04\/savon-des-alpes-768x1580.jpg 768w, https:\/\/www.duaysaxon.ch\/wp-content\/uploads\/2021\/04\/savon-des-alpes-747x1536.jpg 747w\" sizes=\"(max-width: 1244px) 100vw, 1244px\" \/><\/a><\/p>\n","protected":false},"excerpt":{"rendered":"<p>Selon la m\u00e9thode de saponification \u00e0 froid. Riche en glyc\u00e9rine naturelle<\/p>\n<p>** Pour chaque savon achet\u00e9, CHF 0.50 sont revers\u00e9s \u00e0 Summit Foundation<\/p>\n","protected":false},"featured_media":6541,"comment_status":"closed","ping_status":"closed","template":"","meta":{"jetpack_post_was_ever_published":false,"jetpack_publicize_message":"","jetpack_publicize_feature_enabled":true,"jetpack_social_post_already_shared":true,"jetpack_social_options":{"image_generator_settings":{"template":"highway","default_image_id":0,"font":"","enabled":false},"version":2}},"product_brand":[],"product_cat":[117,68],"product_tag":[],"class_list":{"0":"post-37253","1":"product","2":"type-product","3":"status-publish","4":"has-post-thumbnail","6":"product_cat-action-du-moment","7":"product_cat-cosmetiques-naturels","9":"first","10":"instock","11":"sale","12":"taxable","13":"shipping-taxable","14":"purchasable","15":"product-type-simple"},"jetpack_publicize_connections":[],"jetpack_sharing_enabled":true,"_links":{"self":[{"href":"https:\/\/www.duaysaxon.ch\/index.php?rest_route=\/wp\/v2\/product\/37253","targetHints":{"allow":["GET"]}}],"collection":[{"href":"https:\/\/www.duaysaxon.ch\/index.php?rest_route=\/wp\/v2\/product"}],"about":[{"href":"https:\/\/www.duaysaxon.ch\/index.php?rest_route=\/wp\/v2\/types\/product"}],"replies":[{"embeddable":true,"href":"https:\/\/www.duaysaxon.ch\/index.php?rest_route=%2Fwp%2Fv2%2Fcomments&post=37253"}],"wp:featuredmedia":[{"embeddable":true,"href":"https:\/\/www.duaysaxon.ch\/index.php?rest_route=\/wp\/v2\/media\/6541"}],"wp:attachment":[{"href":"https:\/\/www.duaysaxon.ch\/index.php?rest_route=%2Fwp%2Fv2%2Fmedia&parent=37253"}],"wp:term":[{"taxonomy":"product_brand","embeddable":true,"href":"https:\/\/www.duaysaxon.ch\/index.php?rest_route=%2Fwp%2Fv2%2Fproduct_brand&post=37253"},{"taxonomy":"product_cat","embeddable":true,"href":"https:\/\/www.duaysaxon.ch\/index.php?rest_route=%2Fwp%2Fv2%2Fproduct_cat&post=37253"},{"taxonomy":"product_tag","embeddable":true,"href":"https:\/\/www.duaysaxon.ch\/index.php?rest_route=%2Fwp%2Fv2%2Fproduct_tag&post=37253"}],"curies":[{"name":"wp","href":"https:\/\/api.w.org\/{rel}","templated":true}]}}