{"id":33643,"date":"2023-01-16T15:17:13","date_gmt":"2023-01-16T14:17:13","guid":{"rendered":"https:\/\/www.duaysaxon.ch\/?post_type=product&#038;p=33643"},"modified":"2025-11-02T16:56:35","modified_gmt":"2025-11-02T15:56:35","slug":"lortheria-thymus-3x33-cl","status":"publish","type":"product","link":"https:\/\/www.duaysaxon.ch\/?product=lortheria-thymus-3x33-cl","title":{"rendered":"L&rsquo;Ortheria Thymus &#8211; 3&#215;33 cl"},"content":{"rendered":"<p><a href=\"https:\/\/www.duaysaxon.ch\/wp-content\/uploads\/2021\/04\/lortheria-thym.jpg\"><img fetchpriority=\"high\" decoding=\"async\" class=\"aligncenter size-full wp-image-6142\" src=\"https:\/\/www.duaysaxon.ch\/wp-content\/uploads\/2021\/04\/lortheria-thym.jpg\" alt=\"\" width=\"604\" height=\"805\" srcset=\"https:\/\/www.duaysaxon.ch\/wp-content\/uploads\/2021\/04\/lortheria-thym.jpg 604w, https:\/\/www.duaysaxon.ch\/wp-content\/uploads\/2021\/04\/lortheria-thym-600x800.jpg 600w, https:\/\/www.duaysaxon.ch\/wp-content\/uploads\/2021\/04\/lortheria-thym-225x300.jpg 225w\" sizes=\"(max-width: 604px) 100vw, 604px\" \/><\/a><\/p>\n","protected":false},"excerpt":{"rendered":"<p>Boisson rafra\u00eechissante \u00e0 base d&rsquo;ortie aromatis\u00e9e au gingembre &#8211; Produit suisse 100% naturel<\/p>\n<p>&nbsp;<\/p>\n<p>Ingr\u00e9dients: eau gaz\u00e9ifi\u00e9e, sucre*, extrait d&rsquo;ortie* (3%), extrait de thym*<\/p>\n<p>*certifi\u00e9 de production biologique<\/p>\n","protected":false},"featured_media":6142,"comment_status":"closed","ping_status":"closed","template":"","meta":{"jetpack_post_was_ever_published":false,"jetpack_publicize_message":"","jetpack_publicize_feature_enabled":true,"jetpack_social_post_already_shared":true,"jetpack_social_options":{"image_generator_settings":{"template":"highway","default_image_id":0,"font":"","enabled":false},"version":2}},"product_brand":[],"product_cat":[117,64],"product_tag":[],"class_list":{"0":"post-33643","1":"product","2":"type-product","3":"status-publish","4":"has-post-thumbnail","6":"product_cat-action-du-moment","7":"product_cat-lortheria","9":"first","10":"instock","11":"taxable","12":"shipping-taxable","13":"purchasable","14":"product-type-simple"},"jetpack_publicize_connections":[],"jetpack_sharing_enabled":true,"_links":{"self":[{"href":"https:\/\/www.duaysaxon.ch\/index.php?rest_route=\/wp\/v2\/product\/33643","targetHints":{"allow":["GET"]}}],"collection":[{"href":"https:\/\/www.duaysaxon.ch\/index.php?rest_route=\/wp\/v2\/product"}],"about":[{"href":"https:\/\/www.duaysaxon.ch\/index.php?rest_route=\/wp\/v2\/types\/product"}],"replies":[{"embeddable":true,"href":"https:\/\/www.duaysaxon.ch\/index.php?rest_route=%2Fwp%2Fv2%2Fcomments&post=33643"}],"wp:featuredmedia":[{"embeddable":true,"href":"https:\/\/www.duaysaxon.ch\/index.php?rest_route=\/wp\/v2\/media\/6142"}],"wp:attachment":[{"href":"https:\/\/www.duaysaxon.ch\/index.php?rest_route=%2Fwp%2Fv2%2Fmedia&parent=33643"}],"wp:term":[{"taxonomy":"product_brand","embeddable":true,"href":"https:\/\/www.duaysaxon.ch\/index.php?rest_route=%2Fwp%2Fv2%2Fproduct_brand&post=33643"},{"taxonomy":"product_cat","embeddable":true,"href":"https:\/\/www.duaysaxon.ch\/index.php?rest_route=%2Fwp%2Fv2%2Fproduct_cat&post=33643"},{"taxonomy":"product_tag","embeddable":true,"href":"https:\/\/www.duaysaxon.ch\/index.php?rest_route=%2Fwp%2Fv2%2Fproduct_tag&post=33643"}],"curies":[{"name":"wp","href":"https:\/\/api.w.org\/{rel}","templated":true}]}}