{"id":28467,"date":"2022-10-25T15:48:19","date_gmt":"2022-10-25T14:48:19","guid":{"rendered":"https:\/\/www.duaysaxon.ch\/?post_type=product&#038;p=28467"},"modified":"2024-01-08T11:32:48","modified_gmt":"2024-01-08T10:32:48","slug":"coffret-cadeaux-4-gelee-70-gr-4confiture-70-gr","status":"publish","type":"product","link":"https:\/\/www.duaysaxon.ch\/?product=coffret-cadeaux-4-gelee-70-gr-4confiture-70-gr","title":{"rendered":"Coffret cadeau 100% valaisan &#8211; (4 gel\u00e9es 70 gr + 4 confitures 70 gr)"},"content":{"rendered":"","protected":false},"excerpt":{"rendered":"<p>Vous \u00eates invit\u00e9s et souhaitez apporter quelque chose d&rsquo;original, vous pouvez commander une corbeille garnie.<\/p>\n<p>Si vous souhaitez d&rsquo;autres paniers d&rsquo;une valeur diff\u00e9rente, vous pouvez nous contacter au 079 739 80 37.<\/p>\n<p>&nbsp;<\/p>\n<h6>Ce panier est un exemple, le contenu et le contenant peuvent changer.<\/h6>\n","protected":false},"featured_media":0,"comment_status":"closed","ping_status":"closed","template":"","meta":{"jetpack_post_was_ever_published":false,"jetpack_publicize_message":"","jetpack_publicize_feature_enabled":true,"jetpack_social_post_already_shared":true,"jetpack_social_options":{"image_generator_settings":{"template":"highway","default_image_id":0,"font":"","enabled":false},"version":2}},"product_brand":[],"product_cat":[29],"product_tag":[],"class_list":{"0":"post-28467","1":"product","2":"type-product","3":"status-publish","5":"product_cat-paniers-cadeaux","7":"first","8":"instock","9":"taxable","10":"shipping-taxable","11":"purchasable","12":"product-type-simple"},"jetpack_publicize_connections":[],"jetpack_sharing_enabled":true,"_links":{"self":[{"href":"https:\/\/www.duaysaxon.ch\/index.php?rest_route=\/wp\/v2\/product\/28467","targetHints":{"allow":["GET"]}}],"collection":[{"href":"https:\/\/www.duaysaxon.ch\/index.php?rest_route=\/wp\/v2\/product"}],"about":[{"href":"https:\/\/www.duaysaxon.ch\/index.php?rest_route=\/wp\/v2\/types\/product"}],"replies":[{"embeddable":true,"href":"https:\/\/www.duaysaxon.ch\/index.php?rest_route=%2Fwp%2Fv2%2Fcomments&post=28467"}],"wp:attachment":[{"href":"https:\/\/www.duaysaxon.ch\/index.php?rest_route=%2Fwp%2Fv2%2Fmedia&parent=28467"}],"wp:term":[{"taxonomy":"product_brand","embeddable":true,"href":"https:\/\/www.duaysaxon.ch\/index.php?rest_route=%2Fwp%2Fv2%2Fproduct_brand&post=28467"},{"taxonomy":"product_cat","embeddable":true,"href":"https:\/\/www.duaysaxon.ch\/index.php?rest_route=%2Fwp%2Fv2%2Fproduct_cat&post=28467"},{"taxonomy":"product_tag","embeddable":true,"href":"https:\/\/www.duaysaxon.ch\/index.php?rest_route=%2Fwp%2Fv2%2Fproduct_tag&post=28467"}],"curies":[{"name":"wp","href":"https:\/\/api.w.org\/{rel}","templated":true}]}}