{"id":26596,"date":"2022-09-22T14:46:03","date_gmt":"2022-09-22T13:46:03","guid":{"rendered":"https:\/\/www.duaysaxon.ch\/?post_type=product&#038;p=26596"},"modified":"2023-05-11T09:07:45","modified_gmt":"2023-05-11T08:07:45","slug":"eau-de-rose-bio-50-ml","status":"publish","type":"product","link":"https:\/\/www.duaysaxon.ch\/?product=eau-de-rose-bio-50-ml","title":{"rendered":"Hydrolat (Eau de rose BIO) &#8211; 50 ml"},"content":{"rendered":"<p><a href=\"https:\/\/www.duaysaxon.ch\/wp-content\/uploads\/2023\/05\/hydrolat-eau-de-rose-600x450-1-rotated.jpg\"><img fetchpriority=\"high\" decoding=\"async\" class=\"alignnone size-medium wp-image-37775\" src=\"https:\/\/www.duaysaxon.ch\/wp-content\/uploads\/2023\/05\/hydrolat-eau-de-rose-600x450-1-225x300.jpg\" alt=\"\" width=\"225\" height=\"300\" srcset=\"https:\/\/www.duaysaxon.ch\/wp-content\/uploads\/2023\/05\/hydrolat-eau-de-rose-600x450-1-225x300.jpg 225w, https:\/\/www.duaysaxon.ch\/wp-content\/uploads\/2023\/05\/hydrolat-eau-de-rose-600x450-1-rotated.jpg 450w\" sizes=\"(max-width: 225px) 100vw, 225px\" \/><\/a><\/p>\n","protected":false},"excerpt":{"rendered":"<p>Selon la m\u00e9thode de saponification \u00e0 froid. Riche en glyc\u00e9rine naturelle<\/p>\n<p>** Pour chaque savon achet\u00e9, CHF 0.50 sont revers\u00e9s \u00e0 Summit Foundation<\/p>\n","protected":false},"featured_media":37775,"comment_status":"closed","ping_status":"closed","template":"","meta":{"jetpack_post_was_ever_published":false,"jetpack_publicize_message":"","jetpack_publicize_feature_enabled":true,"jetpack_social_post_already_shared":true,"jetpack_social_options":{"image_generator_settings":{"template":"highway","default_image_id":0,"font":"","enabled":false},"version":2}},"product_brand":[],"product_cat":[68],"product_tag":[],"class_list":{"0":"post-26596","1":"product","2":"type-product","3":"status-publish","4":"has-post-thumbnail","6":"product_cat-cosmetiques-naturels","8":"first","9":"instock","10":"taxable","11":"shipping-taxable","12":"purchasable","13":"product-type-simple"},"jetpack_publicize_connections":[],"jetpack_sharing_enabled":true,"_links":{"self":[{"href":"https:\/\/www.duaysaxon.ch\/index.php?rest_route=\/wp\/v2\/product\/26596","targetHints":{"allow":["GET"]}}],"collection":[{"href":"https:\/\/www.duaysaxon.ch\/index.php?rest_route=\/wp\/v2\/product"}],"about":[{"href":"https:\/\/www.duaysaxon.ch\/index.php?rest_route=\/wp\/v2\/types\/product"}],"replies":[{"embeddable":true,"href":"https:\/\/www.duaysaxon.ch\/index.php?rest_route=%2Fwp%2Fv2%2Fcomments&post=26596"}],"wp:featuredmedia":[{"embeddable":true,"href":"https:\/\/www.duaysaxon.ch\/index.php?rest_route=\/wp\/v2\/media\/37775"}],"wp:attachment":[{"href":"https:\/\/www.duaysaxon.ch\/index.php?rest_route=%2Fwp%2Fv2%2Fmedia&parent=26596"}],"wp:term":[{"taxonomy":"product_brand","embeddable":true,"href":"https:\/\/www.duaysaxon.ch\/index.php?rest_route=%2Fwp%2Fv2%2Fproduct_brand&post=26596"},{"taxonomy":"product_cat","embeddable":true,"href":"https:\/\/www.duaysaxon.ch\/index.php?rest_route=%2Fwp%2Fv2%2Fproduct_cat&post=26596"},{"taxonomy":"product_tag","embeddable":true,"href":"https:\/\/www.duaysaxon.ch\/index.php?rest_route=%2Fwp%2Fv2%2Fproduct_tag&post=26596"}],"curies":[{"name":"wp","href":"https:\/\/api.w.org\/{rel}","templated":true}]}}