{"id":23894,"date":"2022-08-02T14:17:18","date_gmt":"2022-08-02T13:17:18","guid":{"rendered":"https:\/\/www.duaysaxon.ch\/?post_type=product&#038;p=23894"},"modified":"2026-01-29T08:52:53","modified_gmt":"2026-01-29T07:52:53","slug":"kawacha-cafe-fermente-cafe-guarana-33-cl","status":"publish","type":"product","link":"https:\/\/www.duaysaxon.ch\/?product=kawacha-cafe-fermente-cafe-guarana-33-cl","title":{"rendered":"Kawa&rsquo;cha \u00ab\u00a0caf\u00e9 ferment\u00e9 caf\u00e9 guarana\u00a0\u00bb &#8211; 33 cl"},"content":{"rendered":"<p><a href=\"https:\/\/www.duaysaxon.ch\/wp-content\/uploads\/2022\/08\/kawacha.png\"><img fetchpriority=\"high\" decoding=\"async\" class=\"alignnone size-medium wp-image-28398\" src=\"https:\/\/www.duaysaxon.ch\/wp-content\/uploads\/2022\/08\/kawacha-190x300.png\" alt=\"\" width=\"190\" height=\"300\" srcset=\"https:\/\/www.duaysaxon.ch\/wp-content\/uploads\/2022\/08\/kawacha-190x300.png 190w, https:\/\/www.duaysaxon.ch\/wp-content\/uploads\/2022\/08\/kawacha.png 443w\" sizes=\"(max-width: 190px) 100vw, 190px\" \/><\/a><\/p>\n","protected":false},"excerpt":{"rendered":"","protected":false},"featured_media":28398,"comment_status":"closed","ping_status":"closed","template":"","meta":{"jetpack_post_was_ever_published":false,"jetpack_publicize_message":"","jetpack_publicize_feature_enabled":true,"jetpack_social_post_already_shared":true,"jetpack_social_options":{"image_generator_settings":{"template":"highway","default_image_id":0,"font":"","enabled":false},"version":2}},"product_brand":[],"product_cat":[91],"product_tag":[],"class_list":{"0":"post-23894","1":"product","2":"type-product","3":"status-publish","4":"has-post-thumbnail","6":"product_cat-kombucha","8":"first","9":"outofstock","10":"taxable","11":"shipping-taxable","12":"purchasable","13":"product-type-simple"},"jetpack_publicize_connections":[],"jetpack_sharing_enabled":true,"_links":{"self":[{"href":"https:\/\/www.duaysaxon.ch\/index.php?rest_route=\/wp\/v2\/product\/23894","targetHints":{"allow":["GET"]}}],"collection":[{"href":"https:\/\/www.duaysaxon.ch\/index.php?rest_route=\/wp\/v2\/product"}],"about":[{"href":"https:\/\/www.duaysaxon.ch\/index.php?rest_route=\/wp\/v2\/types\/product"}],"replies":[{"embeddable":true,"href":"https:\/\/www.duaysaxon.ch\/index.php?rest_route=%2Fwp%2Fv2%2Fcomments&post=23894"}],"wp:featuredmedia":[{"embeddable":true,"href":"https:\/\/www.duaysaxon.ch\/index.php?rest_route=\/wp\/v2\/media\/28398"}],"wp:attachment":[{"href":"https:\/\/www.duaysaxon.ch\/index.php?rest_route=%2Fwp%2Fv2%2Fmedia&parent=23894"}],"wp:term":[{"taxonomy":"product_brand","embeddable":true,"href":"https:\/\/www.duaysaxon.ch\/index.php?rest_route=%2Fwp%2Fv2%2Fproduct_brand&post=23894"},{"taxonomy":"product_cat","embeddable":true,"href":"https:\/\/www.duaysaxon.ch\/index.php?rest_route=%2Fwp%2Fv2%2Fproduct_cat&post=23894"},{"taxonomy":"product_tag","embeddable":true,"href":"https:\/\/www.duaysaxon.ch\/index.php?rest_route=%2Fwp%2Fv2%2Fproduct_tag&post=23894"}],"curies":[{"name":"wp","href":"https:\/\/api.w.org\/{rel}","templated":true}]}}