{"id":11599,"date":"2022-01-24T15:47:27","date_gmt":"2022-01-24T14:47:27","guid":{"rendered":"https:\/\/www.duaysaxon.ch\/?post_type=product&#038;p=11599"},"modified":"2025-02-14T10:21:53","modified_gmt":"2025-02-14T09:21:53","slug":"cafe-t2-torrefaction-plus-foncee-moulu-0-500gr","status":"publish","type":"product","link":"https:\/\/www.duaysaxon.ch\/?product=cafe-t2-torrefaction-plus-foncee-moulu-0-500gr","title":{"rendered":"Caf\u00e9  \u00ab\u00a0T2\u00a0\u00bb (Torr\u00e9faction plus fonc\u00e9e) &#8211; moulu &#8211; 500 gr"},"content":{"rendered":"<p><a href=\"https:\/\/www.duaysaxon.ch\/wp-content\/uploads\/2021\/02\/caf\u00e9-T2.png\"><img fetchpriority=\"high\" decoding=\"async\" class=\"aligncenter size-full wp-image-5618\" src=\"https:\/\/www.duaysaxon.ch\/wp-content\/uploads\/2021\/02\/caf\u00e9-T2.png\" alt=\"\" width=\"605\" height=\"806\" srcset=\"https:\/\/www.duaysaxon.ch\/wp-content\/uploads\/2021\/02\/caf\u00e9-T2.png 605w, https:\/\/www.duaysaxon.ch\/wp-content\/uploads\/2021\/02\/caf\u00e9-T2-600x799.png 600w, https:\/\/www.duaysaxon.ch\/wp-content\/uploads\/2021\/02\/caf\u00e9-T2-225x300.png 225w\" sizes=\"(max-width: 605px) 100vw, 605px\" \/><\/a><\/p>\n","protected":false},"excerpt":{"rendered":"<p>Torr\u00e9faction plus fonc\u00e9e \u00e0 l&rsquo;italienne.<\/p>\n","protected":false},"featured_media":5618,"comment_status":"closed","ping_status":"closed","template":"","meta":{"jetpack_post_was_ever_published":false,"jetpack_publicize_message":"","jetpack_publicize_feature_enabled":true,"jetpack_social_post_already_shared":true,"jetpack_social_options":{"image_generator_settings":{"template":"highway","default_image_id":0,"font":"","enabled":false},"version":2}},"product_brand":[],"product_cat":[56],"product_tag":[],"class_list":{"0":"post-11599","1":"product","2":"type-product","3":"status-publish","4":"has-post-thumbnail","6":"product_cat-cafes","8":"first","9":"instock","10":"taxable","11":"shipping-taxable","12":"purchasable","13":"product-type-simple"},"jetpack_publicize_connections":[],"jetpack_sharing_enabled":true,"_links":{"self":[{"href":"https:\/\/www.duaysaxon.ch\/index.php?rest_route=\/wp\/v2\/product\/11599","targetHints":{"allow":["GET"]}}],"collection":[{"href":"https:\/\/www.duaysaxon.ch\/index.php?rest_route=\/wp\/v2\/product"}],"about":[{"href":"https:\/\/www.duaysaxon.ch\/index.php?rest_route=\/wp\/v2\/types\/product"}],"replies":[{"embeddable":true,"href":"https:\/\/www.duaysaxon.ch\/index.php?rest_route=%2Fwp%2Fv2%2Fcomments&post=11599"}],"wp:featuredmedia":[{"embeddable":true,"href":"https:\/\/www.duaysaxon.ch\/index.php?rest_route=\/wp\/v2\/media\/5618"}],"wp:attachment":[{"href":"https:\/\/www.duaysaxon.ch\/index.php?rest_route=%2Fwp%2Fv2%2Fmedia&parent=11599"}],"wp:term":[{"taxonomy":"product_brand","embeddable":true,"href":"https:\/\/www.duaysaxon.ch\/index.php?rest_route=%2Fwp%2Fv2%2Fproduct_brand&post=11599"},{"taxonomy":"product_cat","embeddable":true,"href":"https:\/\/www.duaysaxon.ch\/index.php?rest_route=%2Fwp%2Fv2%2Fproduct_cat&post=11599"},{"taxonomy":"product_tag","embeddable":true,"href":"https:\/\/www.duaysaxon.ch\/index.php?rest_route=%2Fwp%2Fv2%2Fproduct_tag&post=11599"}],"curies":[{"name":"wp","href":"https:\/\/api.w.org\/{rel}","templated":true}]}}