{"id":11423,"date":"2022-01-19T14:29:19","date_gmt":"2022-01-19T13:29:19","guid":{"rendered":"https:\/\/www.duaysaxon.ch\/?post_type=product&#038;p=11423"},"modified":"2026-05-06T11:54:41","modified_gmt":"2026-05-06T10:54:41","slug":"viande-sechee-de-boeuf-au-fumoir-paysan-130-180-gr","status":"publish","type":"product","link":"https:\/\/www.duaysaxon.ch\/?product=viande-sechee-de-boeuf-au-fumoir-paysan-130-180-gr","title":{"rendered":"Viande s\u00e9ch\u00e9e de b\u0153uf \u00ab\u00a0Au fumoir paysan\u00a0\u00bb (entre. 120-150 gr)"},"content":{"rendered":"<p><a href=\"https:\/\/www.duaysaxon.ch\/wp-content\/uploads\/2019\/06\/c700x420.jpg\"><img decoding=\"async\" src=\"https:\/\/cmsphoto.ww-cdn.com\/superstatic\/1771305\/art\/default\/32751852-31025844.jpg?v=1558013216\" \/><\/a><\/p>\n","protected":false},"excerpt":{"rendered":"<p>Panier du boucher avec de la viande uniquement suisse<\/p>\n","protected":false},"featured_media":0,"comment_status":"closed","ping_status":"closed","template":"","meta":{"jetpack_publicize_message":"","jetpack_publicize_feature_enabled":true,"jetpack_social_post_already_shared":true,"jetpack_social_options":{"image_generator_settings":{"template":"highway","default_image_id":0,"font":"","enabled":false},"version":2}},"product_brand":[],"product_cat":[117,111],"product_tag":[],"class_list":{"0":"post-11423","1":"product","2":"type-product","3":"status-publish","5":"product_cat-action-du-moment","6":"product_cat-salaisons","8":"first","9":"instock","10":"taxable","11":"shipping-taxable","12":"purchasable","13":"product-type-simple"},"jetpack_publicize_connections":[],"jetpack_sharing_enabled":true,"_links":{"self":[{"href":"https:\/\/www.duaysaxon.ch\/index.php?rest_route=\/wp\/v2\/product\/11423","targetHints":{"allow":["GET"]}}],"collection":[{"href":"https:\/\/www.duaysaxon.ch\/index.php?rest_route=\/wp\/v2\/product"}],"about":[{"href":"https:\/\/www.duaysaxon.ch\/index.php?rest_route=\/wp\/v2\/types\/product"}],"replies":[{"embeddable":true,"href":"https:\/\/www.duaysaxon.ch\/index.php?rest_route=%2Fwp%2Fv2%2Fcomments&post=11423"}],"wp:attachment":[{"href":"https:\/\/www.duaysaxon.ch\/index.php?rest_route=%2Fwp%2Fv2%2Fmedia&parent=11423"}],"wp:term":[{"taxonomy":"product_brand","embeddable":true,"href":"https:\/\/www.duaysaxon.ch\/index.php?rest_route=%2Fwp%2Fv2%2Fproduct_brand&post=11423"},{"taxonomy":"product_cat","embeddable":true,"href":"https:\/\/www.duaysaxon.ch\/index.php?rest_route=%2Fwp%2Fv2%2Fproduct_cat&post=11423"},{"taxonomy":"product_tag","embeddable":true,"href":"https:\/\/www.duaysaxon.ch\/index.php?rest_route=%2Fwp%2Fv2%2Fproduct_tag&post=11423"}],"curies":[{"name":"wp","href":"https:\/\/api.w.org\/{rel}","templated":true}]}}