{"id":6026,"date":"2021-03-23T14:09:15","date_gmt":"2021-03-23T13:09:15","guid":{"rendered":"http:\/\/www.duaysaxon.ch\/?page_id=6026"},"modified":"2021-06-24T14:20:47","modified_gmt":"2021-06-24T13:20:47","slug":"conditions-generales","status":"publish","type":"page","link":"https:\/\/www.duaysaxon.ch\/?page_id=6026","title":{"rendered":"Conditions g\u00e9n\u00e9rales"},"content":{"rendered":"\n\n\n<ul class=\"wp-block-list\" type=\"1\"><li>Commande<ul><li>Nos commandes sont \u00e0 passer soit directement via notre site internet\u00a0:www.duaysaxon.ch, soit par mail \u00e0 l\u2019adresse\u00a0: duay_saxon@hotmail.com (pour la suisse romande) ou corbeille.valaisanne@gmail.com (pour le Valais)<\/li><li>\u00a0Les coordonn\u00e9es suivantes doivent figurer lors de chaque commande\u00a0: num\u00e9ro de client, nom, pr\u00e9nom, t\u00e9l\u00e9phone, email, adresse, NPA, lieu, lieu de livraison.<\/li><\/ul><\/li><\/ul>\n\n\n\n<ul class=\"wp-block-list\"><li>Frais de livraison<ul><li>Frais de livraison gratuits (d\u00e9pend de la valeur du panier et du lieu d\u2019habitation, \u00e0 d\u00e9finir lors de la livraison du 1er panier)<\/li><\/ul><ul><li>Pour \u00e9viter des d\u00e9placements \u00e0 perte, des frais de livraison (frs 10.-) peuvent \u00eatre demand\u00e9s pour les paniers inf\u00e9rieurs \u00e0 frs 50.- (sauf si plusieurs paniers sont livr\u00e9s dans le m\u00eame quartier) \u2013 \u00e0 voir directement avec le responsable 079 739 80 37. Duay Bernard &amp; fils demeure libre de ne pas accepter une commande.<\/li><\/ul><\/li><\/ul>\n\n\n\n<ul class=\"wp-block-list\"><li>Livraisons<ul><li>Afin de regrouper ses livraisons, Duay Bernard &amp; fils d\u00e9termine des dates et horaires de livraison.<\/li><\/ul><ul><li>Duay Bernard &amp; fils tiendra inform\u00e9 ses clients par mail la veille ou au plus tard le matin de la livraison seulement si l\u2019adresse email a \u00e9t\u00e9 indiqu\u00e9 sur la commande.<\/li><\/ul><ul><li>Il est possible que les livraisons soient effectu\u00e9es tr\u00e8s t\u00f4t le matin (d\u00e8s env. 4h) ou plus tard le soir (d\u00e8s en. 18h). Dans ce cas, le chauffeur d\u00e9posera la commande devant la porte sans sonner. A partir de ce moment, la responsabilit\u00e9 de la marchandise livr\u00e9e incombe au seul client.<\/li><\/ul><ul><li>En cas d\u2019absence, la corbeille valaisanne sera laiss\u00e9e devant la porte, sauf contre-indication de la part du client, il peut nous indiquer un autre lieu de livraison pour que la marchandise soit en s\u00e9curit\u00e9. Par exemple : chez un voisin, garage, cave, local, \u2026 Cette indication doit \u00eatre not\u00e9e lors de chaque commande. Faite attention&nbsp;: le panier doit \u00eatre d\u00e9pos\u00e9 \u00e0 l\u2019ombre et \u00e0 l\u2019abri du gel selon la saison.<\/li><\/ul><ul><li>Le client r\u00e9pond de l\u2019exactitude des donn\u00e9es transmises \u00e0 Duay Bernard &amp; fils qui ne pourra pas \u00eatre tenu responsable en cas d\u2019erreurs.<\/li><\/ul><ul><li>Duay Bernard &amp; Fils s\u2019engage \u00e0 livrer la corbeille valaisanne et \u00e0 respecter la cha\u00eene du froid jusqu\u2019\u00e0 la livraison de la commande \u00e0 l\u2019adresse indiqu\u00e9e par le client. A partir de ce moment, la responsabilit\u00e9 de la marchandise livr\u00e9e incombe au seul client, ind\u00e9pendamment de sa pr\u00e9sence, ou de son absence, lors de la livraison.<\/li><\/ul><\/li><\/ul>\n\n\n\n<ul class=\"wp-block-list\"><li>Paiement<ul><li>Une facture est remise en m\u00eame temps que votre commande. Les paiements de vos commandes sont \u00e0 r\u00e9gler dans les 7 jours suivants la livraison soit par IBAN en indiquant le num\u00e9ro de client, soit par TWINT. En cas de paiement par TWINT, nous vous demandons de bien vouloir r\u00e9gler le jour m\u00eame de la livraison afin que cela nous facilite le contr\u00f4le.<\/li><\/ul><ul><li>Les abonnements sont \u00e0 r\u00e9gler enti\u00e8rement dans les 7 jours suivant la premi\u00e8re livraison. Si vous d\u00e9sirez un arrangement de paiement, merci de prendre contact avec notre secr\u00e9tariat \u00e0&nbsp;: duay_saxon@hotmail.com.<\/li><\/ul><ul><li>Nos coordonn\u00e9es bancaires sont les suivantes&nbsp;: IBAN CH15 0076 5000 T012 7626 6, Bernard Duay, Route de la Pl\u00e2tri\u00e8re 49, 1907 Saxon aupr\u00e8s de la Banque Cantonale du Valais, 1950 Sion.<\/li><\/ul><ul><li>Le client paie selon son choix de paiement dans les d\u00e9lais impos\u00e9s. En cas de non-paiement dans les d\u00e9lais indiqu\u00e9s sur la facture, les frais usuels sont factur\u00e9s et cumul\u00e9s \u00e0 la charge du client, \u00e0 savoir Frs 5.- par rappel (maximum2), Frs 50.- par sommation, Frs 150.00 de frais de proc\u00e9dure de recouvrement.<\/li><\/ul><\/li><\/ul>\n\n\n\n<ul class=\"wp-block-list\"><li>Prestations<ul><li>Tous les prix donn\u00e9s incluent la TVA selon le taux en vigueur.<\/li><\/ul><ul><li>Les commandes sont livr\u00e9es dans des plateaux verts pliables. Une caution est demand\u00e9e pour chaque plateau livr\u00e9 (frs 1.50 par plateau). Cette somme sera restitu\u00e9e lorsque les plateaux seront donn\u00e9s en retour.<\/li><\/ul><ul><li>Toutes les commandes sont \u00e0 passer au plus tard jusqu\u2019au lundi matin 07h00 pour le tournus de livraison pr\u00e9vu. Il n\u2019est pas possible de choisir une heure de livraison pr\u00e9cise.<\/li><\/ul><ul><li>Si un produit n\u2019est pas disponible au moment de la livraison, il ne sera pas factur\u00e9.<\/li><\/ul><ul><li>En cas d\u2019anomalie ou probl\u00e8me dans la commande, le client est pri\u00e9 de le faire savoir \u00e0 Duay Bernard &amp; fils dans un d\u00e9lai maximum de 36h.<\/li><\/ul><ul><li>En Suisse, l\u2019achat de boissons alcoolis\u00e9es de type ferment\u00e9es (bi\u00e8re, cidre, vin) est interdit par la loi aux personnes \u00e2g\u00e9es de moins de 16 ans et l\u2019achat de boissons alcoolis\u00e9es de type distill\u00e9es aux personnes \u00e2g\u00e9es de moins de 18 ans. En achetant les boissons alcoolis\u00e9es, le client s\u2019engage \u00e0 \u00eatre \u00e2g\u00e9s de 16, respectivement 18 ans ou plus.<\/li><\/ul><ul><li>Concernant les abonnements, le client a la possibilit\u00e9 d\u2019interrompre une ou plusieurs livraisons. Pour le faire, il devra avertir Duay &amp; fils la semaine pr\u00e9c\u00e9dent sa commande. L\u2019abonnement est \u00e0 consommer au plus tard 1 ann\u00e9e apr\u00e8s la date de commande. Les paniers non command\u00e9s dans ces d\u00e9lais ne sont pas rembours\u00e9s.<\/li><\/ul><\/li><\/ul>\n\n\n\n<p>En cliquant sur \u00ab&nbsp;Valider&nbsp;\u00bb, le client accepte les conditions g\u00e9n\u00e9rales.<\/p>\n","protected":false},"excerpt":{"rendered":"<p>Commande Nos commandes sont \u00e0 passer soit directement via notre site internet\u00a0:www.duaysaxon.ch, soit par mail \u00e0 l\u2019adresse\u00a0: duay_saxon@hotmail.com (pour la suisse romande) ou corbeille.valaisanne@gmail.com (pour le Valais) \u00a0Les coordonn\u00e9es suivantes doivent figurer lors de chaque&hellip;<\/p>\n","protected":false},"author":1,"featured_media":0,"parent":0,"menu_order":0,"comment_status":"closed","ping_status":"closed","template":"","meta":{"footnotes":""},"class_list":["post-6026","page","type-page","status-publish","hentry"],"jetpack_sharing_enabled":true,"jetpack_shortlink":"https:\/\/wp.me\/PaMud3-1zc","_links":{"self":[{"href":"https:\/\/www.duaysaxon.ch\/index.php?rest_route=\/wp\/v2\/pages\/6026","targetHints":{"allow":["GET"]}}],"collection":[{"href":"https:\/\/www.duaysaxon.ch\/index.php?rest_route=\/wp\/v2\/pages"}],"about":[{"href":"https:\/\/www.duaysaxon.ch\/index.php?rest_route=\/wp\/v2\/types\/page"}],"author":[{"embeddable":true,"href":"https:\/\/www.duaysaxon.ch\/index.php?rest_route=\/wp\/v2\/users\/1"}],"replies":[{"embeddable":true,"href":"https:\/\/www.duaysaxon.ch\/index.php?rest_route=%2Fwp%2Fv2%2Fcomments&post=6026"}],"version-history":[{"count":2,"href":"https:\/\/www.duaysaxon.ch\/index.php?rest_route=\/wp\/v2\/pages\/6026\/revisions"}],"predecessor-version":[{"id":7493,"href":"https:\/\/www.duaysaxon.ch\/index.php?rest_route=\/wp\/v2\/pages\/6026\/revisions\/7493"}],"wp:attachment":[{"href":"https:\/\/www.duaysaxon.ch\/index.php?rest_route=%2Fwp%2Fv2%2Fmedia&parent=6026"}],"curies":[{"name":"wp","href":"https:\/\/api.w.org\/{rel}","templated":true}]}}