{"id":401,"date":"2019-03-06T17:36:22","date_gmt":"2019-03-06T16:36:22","guid":{"rendered":"http:\/\/www.duaysaxon.ch\/?page_id=401"},"modified":"2024-01-08T11:00:04","modified_gmt":"2024-01-08T10:00:04","slug":"bienvenue","status":"publish","type":"page","link":"https:\/\/www.duaysaxon.ch\/","title":{"rendered":"Bienvenue"},"content":{"rendered":"<p style=\"text-align: left;\"><span style=\"color: #999999;\"><a href=\"https:\/\/www.duaysaxon.ch\/wp-content\/uploads\/2021\/01\/32426144-34055005.jpg\"><img fetchpriority=\"high\" decoding=\"async\" class=\"wp-image-4913 alignleft\" src=\"https:\/\/www.duaysaxon.ch\/wp-content\/uploads\/2021\/01\/32426144-34055005.jpg\" alt=\"\" width=\"436\" height=\"258\" srcset=\"https:\/\/www.duaysaxon.ch\/wp-content\/uploads\/2021\/01\/32426144-34055005.jpg 1280w, https:\/\/www.duaysaxon.ch\/wp-content\/uploads\/2021\/01\/32426144-34055005-600x355.jpg 600w, https:\/\/www.duaysaxon.ch\/wp-content\/uploads\/2021\/01\/32426144-34055005-300x177.jpg 300w, https:\/\/www.duaysaxon.ch\/wp-content\/uploads\/2021\/01\/32426144-34055005-1024x606.jpg 1024w, https:\/\/www.duaysaxon.ch\/wp-content\/uploads\/2021\/01\/32426144-34055005-768x454.jpg 768w\" sizes=\"(max-width: 436px) 100vw, 436px\" \/> <\/a><\/span><\/p>\n<p style=\"text-align: left;\"><span style=\"color: #999999;\">Duay &amp; Fils est une entreprise familiale qui a \u00e9t\u00e9 cr\u00e9\u00e9e dans les ann\u00e9es 1950 par&nbsp;Georgette et&nbsp;Victor Duay.<\/span><\/p>\n<p style=\"text-align: left;\"><span style=\"color: #999999;\">Elle a \u00e9t\u00e9 d\u00e9velopp\u00e9e au fil des ann\u00e9es et se renouvelle de g\u00e9n\u00e9ration en g\u00e9n\u00e9ration. A ce jour elle est tenue par la famille Bernard et Fabienne Duay et leurs enfants, S\u00e9bastien, Joseph et Florence.<\/span><\/p>\n<p style=\"text-align: left;\"><span style=\"color: #999999;\"><a href=\"https:\/\/www.duaysaxon.ch\/wp-content\/uploads\/2021\/01\/stockage-e1610103326482.jpg\"><img decoding=\"async\" class=\"wp-image-4915 alignleft\" src=\"https:\/\/www.duaysaxon.ch\/wp-content\/uploads\/2021\/01\/stockage-e1610103326482.jpg\" alt=\"\" width=\"382\" height=\"342\" srcset=\"https:\/\/www.duaysaxon.ch\/wp-content\/uploads\/2021\/01\/stockage-e1610103326482.jpg 615w, https:\/\/www.duaysaxon.ch\/wp-content\/uploads\/2021\/01\/stockage-e1610103326482-600x537.jpg 600w, https:\/\/www.duaysaxon.ch\/wp-content\/uploads\/2021\/01\/stockage-e1610103326482-300x268.jpg 300w\" sizes=\"(max-width: 382px) 100vw, 382px\" \/><\/a><\/span><\/p>\n<p style=\"text-align: left;\"><span style=\"color: #999999;\">La vente de nos fruits et l\u00e9gumes se fait dans les cantons du Valais, de Fribourg, de Berne, du Jura, de Vaud et de Neuch\u00e2tel. Nous cultivons des produits de qualit\u00e9 dans le respect de l\u2019environnement, du semi \u00e0 la vente (semis, r\u00e9coltes, stockage et vente).<\/span><\/p>\n<p style=\"text-align: left;\"><span style=\"color: #999999;\">&nbsp;Nos ventes se font aux consommateurs priv\u00e9s, ainsi qu\u2019aux commerces (h\u00f4pitaux, magasins, EMS, restaurants, couvents, monast\u00e8res, cr\u00e8ches, \u00e9coles, <\/span><span style=\"color: #999999;\">UAPE, etc\u2026)<\/span><\/p>\n<p style=\"text-align: left;\"><strong><span style=\"color: #008000;\">Nous proposons \u00e9galement un point de vente \u00e0 Saxon ainsi que des livraisons de paniers \u00e0 domicile !<\/span><\/strong><\/p>\n","protected":false},"excerpt":{"rendered":"<p>Duay &amp; Fils est une entreprise familiale qui a \u00e9t\u00e9 cr\u00e9\u00e9e dans les ann\u00e9es 1950 par&nbsp;Georgette et&nbsp;Victor Duay. Elle a \u00e9t\u00e9 d\u00e9velopp\u00e9e au fil des ann\u00e9es et se renouvelle de g\u00e9n\u00e9ration en g\u00e9n\u00e9ration. A ce&hellip;<\/p>\n","protected":false},"author":1,"featured_media":0,"parent":0,"menu_order":1,"comment_status":"closed","ping_status":"closed","template":"","meta":{"footnotes":""},"class_list":["post-401","page","type-page","status-publish","hentry"],"jetpack_sharing_enabled":true,"jetpack_shortlink":"https:\/\/wp.me\/PaMud3-6t","_links":{"self":[{"href":"https:\/\/www.duaysaxon.ch\/index.php?rest_route=\/wp\/v2\/pages\/401","targetHints":{"allow":["GET"]}}],"collection":[{"href":"https:\/\/www.duaysaxon.ch\/index.php?rest_route=\/wp\/v2\/pages"}],"about":[{"href":"https:\/\/www.duaysaxon.ch\/index.php?rest_route=\/wp\/v2\/types\/page"}],"author":[{"embeddable":true,"href":"https:\/\/www.duaysaxon.ch\/index.php?rest_route=\/wp\/v2\/users\/1"}],"replies":[{"embeddable":true,"href":"https:\/\/www.duaysaxon.ch\/index.php?rest_route=%2Fwp%2Fv2%2Fcomments&post=401"}],"version-history":[{"count":15,"href":"https:\/\/www.duaysaxon.ch\/index.php?rest_route=\/wp\/v2\/pages\/401\/revisions"}],"predecessor-version":[{"id":45377,"href":"https:\/\/www.duaysaxon.ch\/index.php?rest_route=\/wp\/v2\/pages\/401\/revisions\/45377"}],"wp:attachment":[{"href":"https:\/\/www.duaysaxon.ch\/index.php?rest_route=%2Fwp%2Fv2%2Fmedia&parent=401"}],"curies":[{"name":"wp","href":"https:\/\/api.w.org\/{rel}","templated":true}]}}