{"id":109,"date":"2014-05-14T21:10:49","date_gmt":"2014-05-14T20:10:49","guid":{"rendered":"http:\/\/www.duaysaxon.ch\/?page_id=109"},"modified":"2025-12-31T13:48:06","modified_gmt":"2025-12-31T12:48:06","slug":"contact","status":"publish","type":"page","link":"https:\/\/www.duaysaxon.ch\/?page_id=109","title":{"rendered":"Contact"},"content":{"rendered":"\n<h2 class=\"wp-block-heading\"><figure><a href=\"https:\/\/www.duaysaxon.ch\/wp-content\/uploads\/2014\/05\/plan-Duay.jpg\"><img fetchpriority=\"high\" decoding=\"async\" class=\"wp-image-134 alignright\" src=\"https:\/\/www.duaysaxon.ch\/wp-content\/uploads\/2014\/05\/plan-Duay.jpg\" alt=\"Itin\u00e9raire\" width=\"526\" height=\"473\" srcset=\"https:\/\/www.duaysaxon.ch\/wp-content\/uploads\/2014\/05\/plan-Duay.jpg 768w, https:\/\/www.duaysaxon.ch\/wp-content\/uploads\/2014\/05\/plan-Duay-600x538.jpg 600w, https:\/\/www.duaysaxon.ch\/wp-content\/uploads\/2014\/05\/plan-Duay-300x269.jpg 300w\" sizes=\"(max-width: 526px) 100vw, 526px\" \/><\/a><\/figure>Adresse<\/h2>\n\n\n\n<p>Duay Bernard &amp; Fils<\/p>\n\n\n\n<p>Rue du L\u00e9man 39<\/p>\n\n\n\n<p>1907 Saxon<\/p>\n\n\n\n<h2 class=\"wp-block-heading\">T\u00e9l\u00e9phones \/ mail<\/h2>\n\n\n\n<ul class=\"wp-block-list\">\n<li>077\/482.17.37 (WhatsApp)<\/li>\n\n\n\n<li>027\/744.29.48<\/li>\n\n\n\n<li>duay_saxon@hotmail.com<\/li>\n<\/ul>\n\n\n\n<p><strong>Depuis la sortie d\u2019autoroute de Saxon (VS)<\/strong><\/p>\n\n\n\n<ul class=\"wp-block-list\">\n<li>Prendre la route direction Saxon sur la route Ch. Des Marais-Neufs sur 800m<\/li>\n\n\n\n<li>Prendre la bretelle vers Route du L\u00e9man&nbsp;sur 160m<\/li>\n\n\n\n<li>Prendre compl\u00e8tement \u00e0 droite sur Route du L\u00e9man sur 450m<\/li>\n\n\n\n<li>Notre d\u00e9p\u00f4t \/ Vente directe se trouvera sur la droite, des drapeaux valaisans seront visibles depuis la route<\/li>\n<\/ul>\n\n\n\n<h3 class=\"wp-block-heading\"><figure><a href=\"https:\/\/www.duaysaxon.ch\/wp-content\/uploads\/2018\/08\/Sans-titre.jpg\"><img decoding=\"async\" class=\"wp-image-230 aligncenter\" src=\"https:\/\/www.duaysaxon.ch\/wp-content\/uploads\/2018\/08\/Sans-titre.jpg\" alt=\"\" width=\"1065\" height=\"630\" srcset=\"https:\/\/www.duaysaxon.ch\/wp-content\/uploads\/2018\/08\/Sans-titre.jpg 1135w, https:\/\/www.duaysaxon.ch\/wp-content\/uploads\/2018\/08\/Sans-titre-600x355.jpg 600w, https:\/\/www.duaysaxon.ch\/wp-content\/uploads\/2018\/08\/Sans-titre-300x177.jpg 300w, https:\/\/www.duaysaxon.ch\/wp-content\/uploads\/2018\/08\/Sans-titre-768x454.jpg 768w, https:\/\/www.duaysaxon.ch\/wp-content\/uploads\/2018\/08\/Sans-titre-1024x605.jpg 1024w\" sizes=\"(max-width: 1065px) 100vw, 1065px\" \/><\/a><\/figure><\/h3>\n\n\n\n<h3 class=\"wp-block-heading\">&nbsp;<\/h3>\n\n\n\n<h2 class=\"wp-block-heading\">Horaires d&rsquo;ouverture (du 1er mai au 30 octobre)<\/h2>\n\n\n\n<p><strong>LUNDI  AU VENDREDI<\/strong><br> 7h30 &#8211; 12h00 \/ 13h00 &#8211; 18h15 <\/p>\n\n\n\n<p><\/p>\n\n\n\n<p><strong>SAMEDI   <\/strong><br> 7h30 &#8211; 17h00 (non-stop) <\/p>\n\n\n\n<p><\/p>\n\n\n\n<p><strong>DIMANCHE ET JOURS FERIES<\/strong><br>9h30 &#8211; 12h00<\/p>\n\n\n\n<h3 class=\"wp-block-heading\">&nbsp;<\/h3>\n\n\n\n<h3 class=\"wp-block-heading\">&nbsp;<\/h3>\n\n\n\n<h2 class=\"wp-block-heading\">Horaires d&rsquo;ouverture (du 1er novembre au 30 avril)<\/h2>\n\n\n\n<p><strong>LUNDI  AU VENDREDI<\/strong><br> 7h30 &#8211; 12h00 \/ 13h00 &#8211; 18h15 <\/p>\n\n\n\n<p><\/p>\n\n\n\n<p><strong>SAMEDI   <\/strong><br> 9h00 &#8211; 16h00 (non-stop) <\/p>\n\n\n\n<p><\/p>\n\n\n\n<p><strong>DIMANCHE ET JOURS FERIES   <\/strong><br>9h30 &#8211; 12h00<\/p>\n\n\n\n<h3 class=\"wp-block-heading\">&nbsp;<\/h3>\n\n\n\n<h3 class=\"wp-block-heading\">&nbsp;<\/h3>\n","protected":false},"excerpt":{"rendered":"<p>Adresse Duay Bernard &amp; Fils Rue du L\u00e9man 39 1907 Saxon T\u00e9l\u00e9phones \/ mail Depuis la sortie d\u2019autoroute de Saxon (VS) &nbsp; Horaires d&rsquo;ouverture (du 1er mai au 30 octobre) LUNDI AU VENDREDI 7h30 &#8211;&hellip;<\/p>\n","protected":false},"author":1,"featured_media":0,"parent":0,"menu_order":11000,"comment_status":"closed","ping_status":"closed","template":"","meta":{"jetpack_post_was_ever_published":false,"footnotes":""},"class_list":["post-109","page","type-page","status-publish","hentry"],"jetpack_sharing_enabled":true,"jetpack_shortlink":"https:\/\/wp.me\/PaMud3-1L","_links":{"self":[{"href":"https:\/\/www.duaysaxon.ch\/index.php?rest_route=\/wp\/v2\/pages\/109","targetHints":{"allow":["GET"]}}],"collection":[{"href":"https:\/\/www.duaysaxon.ch\/index.php?rest_route=\/wp\/v2\/pages"}],"about":[{"href":"https:\/\/www.duaysaxon.ch\/index.php?rest_route=\/wp\/v2\/types\/page"}],"author":[{"embeddable":true,"href":"https:\/\/www.duaysaxon.ch\/index.php?rest_route=\/wp\/v2\/users\/1"}],"replies":[{"embeddable":true,"href":"https:\/\/www.duaysaxon.ch\/index.php?rest_route=%2Fwp%2Fv2%2Fcomments&post=109"}],"version-history":[{"count":30,"href":"https:\/\/www.duaysaxon.ch\/index.php?rest_route=\/wp\/v2\/pages\/109\/revisions"}],"predecessor-version":[{"id":82428,"href":"https:\/\/www.duaysaxon.ch\/index.php?rest_route=\/wp\/v2\/pages\/109\/revisions\/82428"}],"wp:attachment":[{"href":"https:\/\/www.duaysaxon.ch\/index.php?rest_route=%2Fwp%2Fv2%2Fmedia&parent=109"}],"curies":[{"name":"wp","href":"https:\/\/api.w.org\/{rel}","templated":true}]}}